{"id":5859,"date":"2026-03-15T14:51:58","date_gmt":"2026-03-15T13:51:58","guid":{"rendered":"https:\/\/mykolab.eu\/shop\/ready-to-grow-bag-makilla-gorilla\/"},"modified":"2026-05-14T21:58:29","modified_gmt":"2026-05-14T19:58:29","slug":"ready-to-grow-bag-makilla-gorilla","status":"publish","type":"product","link":"https:\/\/mykolab.eu\/de\/shop\/ready-to-grow-bag-makilla-gorilla\/","title":{"rendered":"Ready-To-Grow bag Makilla Gorilla"},"content":{"rendered":"[vc_row type=&#8220;in_container&#8220; full_screen_row_position=&#8220;middle&#8220; column_margin=&#8220;default&#8220; column_direction=&#8220;default&#8220; column_direction_tablet=&#8220;default&#8220; column_direction_phone=&#8220;default&#8220; scene_position=&#8220;center&#8220; text_color=&#8220;dark&#8220; text_align=&#8220;left&#8220; row_border_radius=&#8220;none&#8220; row_border_radius_applies=&#8220;bg&#8220; row_position_desktop=&#8220;default&#8220; row_position_tablet=&#8220;inherit&#8220; row_position_phone=&#8220;inherit&#8220; overflow=&#8220;visible&#8220; overlay_strength=&#8220;0.3&#8243; gradient_direction=&#8220;left_to_right&#8220; shape_divider_position=&#8220;bottom&#8220; bg_image_animation=&#8220;none&#8220;][vc_column column_padding=&#8220;no-extra-padding&#8220; column_padding_tablet=&#8220;inherit&#8220; column_padding_phone=&#8220;inherit&#8220; column_padding_position=&#8220;all&#8220; column_element_direction_desktop=&#8220;default&#8220; column_element_spacing=&#8220;default&#8220; centered_text=&#8220;true&#8220; desktop_text_alignment=&#8220;default&#8220; tablet_text_alignment=&#8220;default&#8220; phone_text_alignment=&#8220;default&#8220; background_color_opacity=&#8220;1&#8243; background_hover_color_opacity=&#8220;1&#8243; column_backdrop_filter=&#8220;none&#8220; column_shadow=&#8220;none&#8220; column_border_radius=&#8220;none&#8220; column_link_target=&#8220;_self&#8220; column_position=&#8220;default&#8220; gradient_direction=&#8220;left_to_right&#8220; overlay_strength=&#8220;0.3&#8243; width=&#8220;1\/6&#8243; tablet_width_inherit=&#8220;default&#8220; animation_type=&#8220;default&#8220; bg_image_animation=&#8220;none&#8220; border_type=&#8220;simple&#8220; column_border_width=&#8220;none&#8220; column_border_style=&#8220;solid&#8220; column_padding_type=&#8220;default&#8220; content_layout=&#8220;default&#8220; gradient_type=&#8220;default&#8220;][\/vc_column][vc_column column_padding=&#8220;no-extra-padding&#8220; column_padding_tablet=&#8220;inherit&#8220; column_padding_phone=&#8220;inherit&#8220; column_padding_position=&#8220;all&#8220; flex_gap_desktop=&#8220;10px&#8220; column_element_direction_desktop=&#8220;default&#8220; column_element_spacing=&#8220;default&#8220; desktop_text_alignment=&#8220;default&#8220; tablet_text_alignment=&#8220;default&#8220; phone_text_alignment=&#8220;default&#8220; background_color_opacity=&#8220;1&#8243; background_hover_color_opacity=&#8220;1&#8243; column_backdrop_filter=&#8220;none&#8220; column_shadow=&#8220;none&#8220; column_border_radius=&#8220;none&#8220; column_link_target=&#8220;_self&#8220; column_position=&#8220;default&#8220; gradient_direction=&#8220;left_to_right&#8220; overlay_strength=&#8220;0.3&#8243; width=&#8220;2\/3&#8243; tablet_width_inherit=&#8220;default&#8220; animation_type=&#8220;default&#8220; bg_image_animation=&#8220;none&#8220; border_type=&#8220;simple&#8220; column_border_width=&#8220;none&#8220; column_border_style=&#8220;solid&#8220;][vc_column_text css=&#8220;&#8220; text_direction=&#8220;default&#8220;]K\u00f6nnen Pilze sch\u00f6n sein? Auf ihre eigene Weise \u2013 nat\u00fcrlich! Die einzige Frage ist, wie man ihren Charme zu sch\u00e4tzen wei\u00df. Sowohl die ausgewachsenen Fruchtk\u00f6rper als auch das Myzel sind wundersch\u00f6n, weshalb immer mehr Menschen sie auf einem Objekttr\u00e4ger und in einer Petrischale beobachten m\u00f6chten. In meinem pers\u00f6nlichen Ranking geh\u00f6rt das Myzel des vorgestellten Stammes zu den sch\u00f6nsten. Das <strong>Makilla Gorilla Ready-To-Grow Bag<\/strong> Growkit erm\u00f6glicht die Beobachtung eines der beeindruckendsten Myzele, die diese Art entwickelt. Ist das ein Grund, sich f\u00fcr dieses Produkt zu entscheiden und das Abenteuer der Mykologie zu beginnen? Meiner Meinung nach ja. Und falls du noch mehr erfahren m\u00f6chtest, lade ich dich ein, den folgenden Text zu lesen![\/vc_column_text][divider line_type=&#8220;No Line&#8220; custom_height=&#8220;25px&#8220;][divider line_type=&#8220;No Line&#8220; custom_height=&#8220;25px&#8220;][vc_row_inner column_margin=&#8220;default&#8220; column_direction=&#8220;default&#8220; column_direction_tablet=&#8220;default&#8220; column_direction_phone=&#8220;default&#8220; text_align=&#8220;left&#8220; row_position=&#8220;default&#8220; row_position_tablet=&#8220;inherit&#8220; row_position_phone=&#8220;inherit&#8220; overflow=&#8220;visible&#8220; pointer_events=&#8220;all&#8220;][vc_column_inner column_padding=&#8220;no-extra-padding&#8220; column_padding_tablet=&#8220;inherit&#8220; column_padding_phone=&#8220;inherit&#8220; column_padding_position=&#8220;all&#8220; flex_gap_desktop=&#8220;10px&#8220; column_element_direction_desktop=&#8220;default&#8220; column_element_spacing=&#8220;default&#8220; desktop_text_alignment=&#8220;default&#8220; tablet_text_alignment=&#8220;default&#8220; phone_text_alignment=&#8220;default&#8220; background_color_opacity=&#8220;1&#8243; background_hover_color_opacity=&#8220;1&#8243; column_backdrop_filter=&#8220;none&#8220; column_shadow=&#8220;none&#8220; column_border_radius=&#8220;none&#8220; column_link_target=&#8220;_self&#8220; overflow=&#8220;visible&#8220; gradient_direction=&#8220;left_to_right&#8220; overlay_strength=&#8220;0.3&#8243; width=&#8220;1\/2&#8243; tablet_width_inherit=&#8220;default&#8220; animation_type=&#8220;default&#8220; bg_image_animation=&#8220;none&#8220; border_type=&#8220;simple&#8220; column_border_width=&#8220;none&#8220; column_border_style=&#8220;solid&#8220;][vc_raw_html css=&#8220;&#8220;]JTIwJTNDZGl2JTIwY2xhc3MlM0QlMjJwcnotMzYwJTIyJTIwJTBEJTBBJTIwJTIwJTIwJTIwJTIwJTIwJTIwJTIwJTIwJTIwJTIwJTIwJTIwZGF0YS1mb2xkZXIlM0QlMjIlMkZ3cC1jb250ZW50JTJGdXBsb2FkcyUyRjM2MCUyRk1ha2lsbGElMjBHb3JpbGxhJTJGJTIyJTIwJTBEJTBBJTIwJTIwJTIwJTIwJTIwJTIwJTIwJTIwJTIwJTIwJTIwJTIwJTIwZGF0YS1wcmVmaXglM0QlMjJtYWtpbGxhX2dvcmlsbGEtJTIyJTIwJTBEJTBBJTIwJTIwJTIwJTIwJTIwJTIwJTIwJTIwJTIwJTIwJTIwJTIwJTIwZGF0YS1leHQlM0QlMjJ3ZWJwJTIyJTNFJTBEJTBBJTIwJTIwJTIwJTIwJTIwJTIwJTIwJTIwJTNDJTJGZGl2JTNF[\/vc_raw_html][\/vc_column_inner][vc_column_inner column_padding=&#8220;no-extra-padding&#8220; column_padding_tablet=&#8220;inherit&#8220; column_padding_phone=&#8220;inherit&#8220; column_padding_position=&#8220;all&#8220; flex_gap_desktop=&#8220;10px&#8220; column_element_direction_desktop=&#8220;default&#8220; column_element_spacing=&#8220;default&#8220; desktop_text_alignment=&#8220;default&#8220; tablet_text_alignment=&#8220;default&#8220; phone_text_alignment=&#8220;default&#8220; background_color_opacity=&#8220;1&#8243; background_hover_color_opacity=&#8220;1&#8243; column_backdrop_filter=&#8220;none&#8220; column_shadow=&#8220;none&#8220; column_border_radius=&#8220;none&#8220; column_link_target=&#8220;_self&#8220; overflow=&#8220;visible&#8220; gradient_direction=&#8220;left_to_right&#8220; overlay_strength=&#8220;0.3&#8243; width=&#8220;1\/2&#8243; tablet_width_inherit=&#8220;default&#8220; animation_type=&#8220;default&#8220; bg_image_animation=&#8220;none&#8220; border_type=&#8220;simple&#8220; column_border_width=&#8220;none&#8220; column_border_style=&#8220;solid&#8220;][vc_column_text css=&#8220;&#8220; text_direction=&#8220;default&#8220;]\n<h2>Ready-To-Grow Bag Makilla \u2013 die wichtigsten Informationen<\/h2>\n<p>Sprechen wir zun\u00e4chst \u00fcber den vorgestellten Stamm. Es handelt sich um eine Art von <em>Psilocybe cubensis<\/em>, die aus der Arbeit mit zwei anderen St\u00e4mmen hervorgegangen ist. Einer davon ist <a href=\"https:\/\/mykolaborian\/produkt\/ape-plynne-kultury\/\">Albino Penis Envy<\/a>, der andere Melmak Revert. Hat der Sch\u00f6pfer dieser Kombination solch beeindruckende Ergebnisse erwartet? Dass das <strong>Growkit Makilla Gorilla Full Auto<\/strong> auch attraktive Beobachtungen des Myzels erm\u00f6glicht? Schwer zu sagen. Dennoch m\u00f6chte ich seine \u201eFr\u00fcchte\u201c etwas genauer beschreiben.<\/p>\n<p>In Laboren mit entsprechenden Genehmigungen wachsen wirklich wundersch\u00f6ne und gleichm\u00e4\u00dfige Exemplare heran. Sie zeigen einen deutlichen Einfluss der Penis-Envy-Linie, erkennbar an einem etwas dickeren Stiel und einem regelm\u00e4\u00dfigen Hut, dessen R\u00e4nder sich manchmal leicht nach oben biegen. Der Stiel ist wei\u00dflich mit einem leichten Cremeton. Der \u201eHut\u201c hingegen ist meist hellbraun.<\/p>\n<p>Labore interessieren sich f\u00fcr diesen Stamm aufgrund seines hohen Gehalts an f\u00fcr diese Art charakteristischen Alkaloiden. Daher sind sowohl das fl\u00fcssige <em>Psilocybe cubensis<\/em>-Myzel als auch das Makilla Gorilla Full Auto Growkit potenziell eine gute Wahl f\u00fcr qualifizierte Personen, die ihre Forschung zu diesen Verbindungen vertiefen m\u00f6chten.[\/vc_column_text][\/vc_column_inner][\/vc_row_inner][vc_row_inner column_margin=&#8220;default&#8220; column_direction=&#8220;default&#8220; column_direction_tablet=&#8220;default&#8220; column_direction_phone=&#8220;default&#8220; text_align=&#8220;left&#8220; row_position=&#8220;default&#8220; row_position_tablet=&#8220;inherit&#8220; row_position_phone=&#8220;inherit&#8220; overflow=&#8220;visible&#8220; pointer_events=&#8220;all&#8220;][vc_column_inner column_padding=&#8220;no-extra-padding&#8220; column_padding_tablet=&#8220;inherit&#8220; column_padding_phone=&#8220;inherit&#8220; column_padding_position=&#8220;all&#8220; flex_gap_desktop=&#8220;10px&#8220; column_element_direction_desktop=&#8220;default&#8220; column_element_spacing=&#8220;default&#8220; desktop_text_alignment=&#8220;default&#8220; tablet_text_alignment=&#8220;default&#8220; phone_text_alignment=&#8220;default&#8220; background_color_opacity=&#8220;1&#8243; background_hover_color_opacity=&#8220;1&#8243; column_backdrop_filter=&#8220;none&#8220; column_shadow=&#8220;none&#8220; column_border_radius=&#8220;none&#8220; column_link_target=&#8220;_self&#8220; overflow=&#8220;visible&#8220; gradient_direction=&#8220;left_to_right&#8220; overlay_strength=&#8220;0.3&#8243; width=&#8220;1\/2&#8243; tablet_width_inherit=&#8220;default&#8220; animation_type=&#8220;default&#8220; bg_image_animation=&#8220;none&#8220; border_type=&#8220;simple&#8220; column_border_width=&#8220;none&#8220; column_border_style=&#8220;solid&#8220;][vc_column_text css=&#8220;&#8220; text_direction=&#8220;default&#8220;]\n<h2>Was kann man vom Ready-To-Grow Bag Makilla Gorilla erwarten?<\/h2>\n<p>Vor allem \u2013 ein einzigartiges Schauspiel unter dem Mikroskop und auf der Petrischale. Das Myzel w\u00e4chst wundersch\u00f6n und bildet elegante Hyphen. Als Full-Auto-Growkit ist die Anwendung unglaublich einfach. Im Grunde muss man es nur an den richtigen Ort stellen, also an einen Platz mit einer Temperatur zwischen 21 \u00b0C und 25 \u00b0C, und die \u201eWurzeln\u201c beginnen von selbst zu arbeiten. Im Gegensatz zu fl\u00fcssigem Myzel, das auf ein Substrat inokuliert werden muss, lassen sich hier schnell Pr\u00e4parate zur Beobachtung erstellen.<\/p>\n<p>Da das Makilla Gorilla Full Auto Growkit praktisch sofort einsatzbereit ist, muss man besonders darauf achten, eine Fruchtung zu vermeiden. Diese ist illegal, und man sollte daran denken, dass die \u201eGrowkits\u201c ausschlie\u00dflich f\u00fcr Beobachtungen in der Petrischale oder unter dem Mikroskop bestimmt sind.<\/p>\n<h2>Ist dieses Growkit das Richtige f\u00fcr dich?<\/h2>\n<p>Der Vorteil von Full-Auto-Growkits besteht darin, dass sie nur wenig Erfahrung f\u00fcr Untersuchungen erfordern. Dennoch musst du daran denken, deine Werkzeuge steril zu halten. Makilla ist ein recht dankbares Forschungsmaterial, mit dem auch weniger erfahrene (aber nicht v\u00f6llig neue) Mykologen gut zurechtkommen sollten. Ich versichere au\u00dferdem, dass selbst fortgeschrittene Pilzliebhaber Freude an der Beobachtung haben werden. Deshalb empfehle ich dir, dir dieses Produkt jetzt genauer anzusehen.[\/vc_column_text][image_with_animation image_url=&#8220;3456&#8243; image_size=&#8220;full&#8220; max_width=&#8220;100%&#8220; max_width_mobile=&#8220;default&#8220; animation_type=&#8220;entrance&#8220; animation=&#8220;None&#8220; animation_movement_type=&#8220;transform_y&#8220; hover_animation=&#8220;zoom-crop&#8220; alignment=&#8220;&#8220; img_link_large=&#8220;yes&#8220; border_radius=&#8220;20px&#8220; box_shadow=&#8220;none&#8220; image_loading=&#8220;default&#8220;][\/vc_column_inner][vc_column_inner column_padding=&#8220;no-extra-padding&#8220; column_padding_tablet=&#8220;inherit&#8220; column_padding_phone=&#8220;inherit&#8220; column_padding_position=&#8220;all&#8220; flex_gap_desktop=&#8220;10px&#8220; column_element_direction_desktop=&#8220;default&#8220; column_element_spacing=&#8220;default&#8220; desktop_text_alignment=&#8220;default&#8220; tablet_text_alignment=&#8220;default&#8220; phone_text_alignment=&#8220;default&#8220; background_color_opacity=&#8220;1&#8243; background_hover_color_opacity=&#8220;1&#8243; column_backdrop_filter=&#8220;none&#8220; column_shadow=&#8220;none&#8220; column_border_radius=&#8220;none&#8220; column_link_target=&#8220;_self&#8220; overflow=&#8220;visible&#8220; gradient_direction=&#8220;left_to_right&#8220; overlay_strength=&#8220;0.3&#8243; width=&#8220;1\/2&#8243; tablet_width_inherit=&#8220;default&#8220; animation_type=&#8220;default&#8220; bg_image_animation=&#8220;none&#8220; border_type=&#8220;simple&#8220; column_border_width=&#8220;none&#8220; column_border_style=&#8220;solid&#8220;][image_with_animation image_url=&#8220;3455&#8243; image_size=&#8220;full&#8220; max_width=&#8220;100%&#8220; max_width_mobile=&#8220;default&#8220; animation_type=&#8220;entrance&#8220; animation=&#8220;None&#8220; animation_movement_type=&#8220;transform_y&#8220; hover_animation=&#8220;zoom-crop&#8220; alignment=&#8220;&#8220; img_link_large=&#8220;yes&#8220; border_radius=&#8220;20px&#8220; box_shadow=&#8220;none&#8220; image_loading=&#8220;default&#8220;][image_with_animation image_url=&#8220;3454&#8243; image_size=&#8220;full&#8220; max_width=&#8220;100%&#8220; max_width_mobile=&#8220;default&#8220; animation_type=&#8220;entrance&#8220; animation=&#8220;None&#8220; animation_movement_type=&#8220;transform_y&#8220; hover_animation=&#8220;zoom-crop&#8220; alignment=&#8220;&#8220; img_link_large=&#8220;yes&#8220; border_radius=&#8220;20px&#8220; box_shadow=&#8220;none&#8220; image_loading=&#8220;default&#8220;][\/vc_column_inner][\/vc_row_inner][\/vc_column][vc_column column_padding=&#8220;no-extra-padding&#8220; column_padding_tablet=&#8220;inherit&#8220; column_padding_phone=&#8220;inherit&#8220; column_padding_position=&#8220;all&#8220; flex_gap_desktop=&#8220;10px&#8220; column_element_direction_desktop=&#8220;default&#8220; column_element_spacing=&#8220;default&#8220; desktop_text_alignment=&#8220;default&#8220; tablet_text_alignment=&#8220;default&#8220; phone_text_alignment=&#8220;default&#8220; background_color_opacity=&#8220;1&#8243; background_hover_color_opacity=&#8220;1&#8243; column_backdrop_filter=&#8220;none&#8220; column_shadow=&#8220;none&#8220; column_border_radius=&#8220;none&#8220; column_link_target=&#8220;_self&#8220; column_position=&#8220;default&#8220; gradient_direction=&#8220;left_to_right&#8220; overlay_strength=&#8220;0.3&#8243; width=&#8220;1\/6&#8243; tablet_width_inherit=&#8220;default&#8220; animation_type=&#8220;default&#8220; bg_image_animation=&#8220;none&#8220; border_type=&#8220;simple&#8220; column_border_width=&#8220;none&#8220; column_border_style=&#8220;solid&#8220;][\/vc_column][\/vc_row][vc_row type=&#8220;full_width_background&#8220; full_screen_row_position=&#8220;middle&#8220; column_margin=&#8220;default&#8220; column_direction=&#8220;default&#8220; column_direction_tablet=&#8220;default&#8220; column_direction_phone=&#8220;default&#8220; bg_color=&#8220;#E6E2DC&#8220; scene_position=&#8220;center&#8220; text_color=&#8220;dark&#8220; text_align=&#8220;left&#8220; row_border_radius=&#8220;none&#8220; row_border_radius_applies=&#8220;bg&#8220; row_position_desktop=&#8220;default&#8220; row_position_tablet=&#8220;inherit&#8220; row_position_phone=&#8220;inherit&#8220; overflow=&#8220;visible&#8220; overlay_strength=&#8220;0.3&#8243; gradient_direction=&#8220;left_to_right&#8220; shape_divider_position=&#8220;bottom&#8220; bg_image_animation=&#8220;none&#8220; gradient_type=&#8220;default&#8220; shape_type=&#8220;&#8220;][vc_column column_padding=&#8220;no-extra-padding&#8220; column_padding_tablet=&#8220;inherit&#8220; column_padding_phone=&#8220;inherit&#8220; column_padding_position=&#8220;all&#8220; flex_gap_desktop=&#8220;10px&#8220; column_element_direction_desktop=&#8220;default&#8220; column_element_spacing=&#8220;default&#8220; desktop_text_alignment=&#8220;default&#8220; tablet_text_alignment=&#8220;default&#8220; phone_text_alignment=&#8220;default&#8220; background_color_opacity=&#8220;1&#8243; background_hover_color_opacity=&#8220;1&#8243; column_backdrop_filter=&#8220;none&#8220; column_shadow=&#8220;none&#8220; column_border_radius=&#8220;none&#8220; column_link_target=&#8220;_self&#8220; column_position=&#8220;default&#8220; gradient_direction=&#8220;left_to_right&#8220; overlay_strength=&#8220;0.3&#8243; width=&#8220;1\/1&#8243; tablet_width_inherit=&#8220;default&#8220; animation_type=&#8220;default&#8220; bg_image_animation=&#8220;none&#8220; border_type=&#8220;simple&#8220; column_border_width=&#8220;none&#8220; column_border_style=&#8220;solid&#8220;][nectar_global_section id=&#8220;2198&#8243;][\/vc_column][\/vc_row]\n","protected":false},"excerpt":{"rendered":"<p><strong>Kolonisierungsgeschwindigkeit:<\/strong> Schnell<br \/>\n<strong>Kolonisierungstemperatur:<\/strong> 21\u00b0C\u201325\u00b0C<br \/>\n<strong>Fruchtungstemperatur:<\/strong> 21\u00b0C\u201325\u00b0C<br \/>\n<strong>Gr\u00f6\u00dfe des Growkits:<\/strong> ~2 kg (2200 ml)<br \/>\n<strong>Durchschnittliche Erntemenge:<\/strong> 400 g<\/p>\n","protected":false},"featured_media":5501,"template":"","meta":[],"product_brand":[],"product_cat":[63],"product_tag":[],"class_list":{"0":"post-5859","1":"product","2":"type-product","3":"status-publish","4":"has-post-thumbnail","6":"product_cat-ready-to-grow-bags-de","8":"first","9":"instock","10":"shipping-taxable","11":"purchasable","12":"product-type-simple"},"_links":{"self":[{"href":"https:\/\/mykolab.eu\/de\/wp-json\/wp\/v2\/product\/5859","targetHints":{"allow":["GET"]}}],"collection":[{"href":"https:\/\/mykolab.eu\/de\/wp-json\/wp\/v2\/product"}],"about":[{"href":"https:\/\/mykolab.eu\/de\/wp-json\/wp\/v2\/types\/product"}],"wp:featuredmedia":[{"embeddable":true,"href":"https:\/\/mykolab.eu\/de\/wp-json\/wp\/v2\/media\/5501"}],"wp:attachment":[{"href":"https:\/\/mykolab.eu\/de\/wp-json\/wp\/v2\/media?parent=5859"}],"wp:term":[{"taxonomy":"product_brand","embeddable":true,"href":"https:\/\/mykolab.eu\/de\/wp-json\/wp\/v2\/product_brand?post=5859"},{"taxonomy":"product_cat","embeddable":true,"href":"https:\/\/mykolab.eu\/de\/wp-json\/wp\/v2\/product_cat?post=5859"},{"taxonomy":"product_tag","embeddable":true,"href":"https:\/\/mykolab.eu\/de\/wp-json\/wp\/v2\/product_tag?post=5859"}],"curies":[{"name":"wp","href":"https:\/\/api.w.org\/{rel}","templated":true}]}}